{"id":30518,"date":"2024-11-12T20:02:11","date_gmt":"2024-11-12T19:02:11","guid":{"rendered":"https:\/\/ready4cambridge.com\/?page_id=30518"},"modified":"2025-12-02T06:11:37","modified_gmt":"2025-12-02T05:11:37","slug":"home","status":"publish","type":"page","link":"https:\/\/ready4cambridge.com\/es","title":{"rendered":"Home"},"content":{"rendered":"<h1 class=\"wp-block-heading\">Academia de ingl\u00e9s online especializada en ex\u00e1menes oficiales y clases de conversaci\u00f3n<\/h1>\n\nAprende ingl\u00e9s online con clases 100% virtuales, personalizadas y adaptadas a tu nivel: B1, B2 o C1. \nEstudia a tu ritmo desde casa con profesores cualificados y prepara tus certificados oficiales como el FCE (First Certificate), Aptis o TOEFL\n\n<div class=\"wp-block-buttons is-layout-flex wp-block-buttons-is-layout-flex\"><div class=\"wp-block-button\"><a class=\"wp-block-button__link\">Cursos con clase gratuita<\/a><\/div><\/div>\n\n<figure class=\"wp-block-embed-youtube wp-block-embed is-type-video is-provider-youtube\"><div class=\"wp-block-embed__wrapper\">https:\/\/www.youtube.com\/watch?v=4Yh4ppxZ7EI<\/div><\/figure>\n\n<h2 class=\"wp-block-heading\">\u00bfPor qu\u00e9 Ready4Cambridge es la mejor academia de ingl\u00e9s online para jovenes y adultos?<\/h2>\n\n<!-- wp:Array \/-->\n\n<div class=\"wp-block-buttons is-layout-flex wp-block-buttons-is-layout-flex\"><div class=\"wp-block-button\"><a class=\"wp-block-button__link\">Ver nuestros cursos de ingl\u00e9s online<\/a><\/div><\/div>\n\n<h2 class=\"wp-block-heading\">Cursos online para preparar tu certificado Cambridge con \u00e9xito<\/h2>\n\nAprende ingl\u00e9s online con nuestros cursos especializados para adultos. Accede a clases en v\u00eddeo, ejercicios interactivos y estrategias que te acercan al B2 First (FCE) de Cambridge. 100% online, con acceso inmediato.\n\n<h2 class=\"wp-block-heading\">Never Stop Learning: Our Latest Blog Posts<\/h2>\n\n<h2 class=\"wp-block-heading\">Never Stop Learning: Our Latest Blog Posts<\/h2>\n\n<h3 class=\"wp-block-heading\"><b>B2 Cambridge Success: Master Reading &amp; Use of English<\/b><\/h3>\n\nLearn English online and improve your B2 level with a Reading &#038; Use of English course focused on the Cambridge exam.\n\n<h0>49\u20ac<\/h0>\n\n(IVA inclu\u00eddo)\n\n<div class=\"wp-block-buttons is-layout-flex wp-block-buttons-is-layout-flex\"><div class=\"wp-block-button\"><a class=\"wp-block-button__link\">Quiero este curso<\/a><\/div><\/div>\n\n<h3 class=\"wp-block-heading\"><b>B2 Cambridge Success: Master Listening<\/b><\/h3>\n\nMejora tu comprensi\u00f3n auditiva en ingl\u00e9s con un curso online de Listening enfocado al examen Cambridge B2 First.\n\n<h0>39\u20ac<\/h0>\n\n(IVA inclu\u00eddo)\n\n<div class=\"wp-block-buttons is-layout-flex wp-block-buttons-is-layout-flex\"><div class=\"wp-block-button\"><a class=\"wp-block-button__link\">Aprender ahora<\/a><\/div><\/div>\n\n<h2 class=\"wp-block-heading\">\ud83d\udce9 \u00danete a nuestra newsletter gratuita para aprender ingl\u00e9s online<\/h2>\n\n\n\n{post_terms_category}\n\n<!-- wp:Array \/-->\n\n\n\n<figure class=\"wp-block-image size-full\"><img alt decoding=\"async\" src=\"https:\/\/ready4cambridge.b-cdn.net\/wp-content\/uploads\/2024\/11\/ready4cambridge-home.png\" class =\"wp-image-31513\"><\/figure>\n\n<div class=\"wp-block-buttons is-layout-flex wp-block-buttons-is-layout-flex\"><div class=\"wp-block-button\"><a class=\"wp-block-button__link\">Agenda tu clase online<\/a><\/div><\/div>\n\n<h2 class=\"wp-block-heading\">Clases de ingl\u00e9s online adaptadas a tus objetivos: ex\u00e1menes, trabajo o vida real<\/h2>\n\nElige clases individuales o en grupo, seg\u00fan tu nivel y tus metas. Todas nuestras sesiones son online, flexibles y enfocadas en resultados reales.\n\n<h3 class=\"wp-block-heading\"><b>Ingl\u00e9s para certificados Oficiales<\/b><\/h3>\n\nClases centradas en tu examen (B1, B2, C1), con simulacros, estrategias y feedback personalizado.\n\n<div class=\"wp-block-buttons is-layout-flex wp-block-buttons-is-layout-flex\"><div class=\"wp-block-button\"><a class=\"wp-block-button__link\">Preparar mi certificado<\/a><\/div><\/div>\n\n<h3 class=\"wp-block-heading\"><b>Ingl\u00e9s para el trabajo (Business English)<\/b><\/h3>\n\nMejora tu ingl\u00e9s profesional para reuniones, presentaciones, correos y entrevistas de trabajo.\n\n<div class=\"wp-block-buttons is-layout-flex wp-block-buttons-is-layout-flex\"><div class=\"wp-block-button\"><a class=\"wp-block-button__link\">Mejorar mi ingl\u00e9s profesional<\/a><\/div><\/div>\n\nGana confianza para hablar ingl\u00e9s en situaciones reales: viajes, conversaciones, vida cotidiana.\n\n<div class=\"wp-block-buttons is-layout-flex wp-block-buttons-is-layout-flex\"><div class=\"wp-block-button\"><a class=\"wp-block-button__link\">Practicar mi ingl\u00e9s online<\/a><\/div><\/div>\n\n<h2 class=\"wp-block-heading\">Opiniones de nuestros alumnos sobre nuestras clases de ingl\u00e9s online<\/h2>\n\nCientos de adultos ya han mejorado su ingl\u00e9s con Ready4Cambridge. Mira lo que dicen sobre nuestras clases y cursos.\n\n<h2 class=\"wp-block-heading\">Never Stop Learning: Our Latest Blog Posts<\/h2>\n\n<h2 class=\"wp-block-heading\">Never Stop Learning: Our Latest Blog Posts<\/h2>\n\n<figure class=\"wp-block-image size-full\"><img alt decoding=\"async\" src=\"https:\/\/ready4cambridge.b-cdn.net\/wp-content\/uploads\/2024\/12\/Laura-Martinez.jpeg\" class =\"wp-image-31991\" width=\"80\"><\/figure>\n\n<figure class=\"wp-block-image size-thumbnail\"><img alt decoding=\"async\" src=\"https:\/\/ready4cambridge.b-cdn.net\/wp-content\/uploads\/2024\/12\/Vicent-Miralles-150x150.jpg\" class =\"wp-image-31992\" width=\"80\"><\/figure>\n\n<figure class=\"wp-block-image size-full\"><img alt decoding=\"async\" src=\"https:\/\/ready4cambridge.b-cdn.net\/wp-content\/uploads\/2024\/11\/Elena-Casian-e1732435954720.jpeg\" class =\"wp-image-31563\" width=\"80\"><\/figure>\n\n<figure class=\"wp-block-image size-thumbnail\"><img alt decoding=\"async\" src=\"https:\/\/ready4cambridge.b-cdn.net\/wp-content\/uploads\/2024\/11\/Liza-Dunaeva-150x150.jpeg\" class =\"wp-image-31562\" width=\"80\"><\/figure>\n\nOver 300 satisfied students\n\nI love my English teacher Aurelia, she explains the material very well and always helps to understand the difficulties. The lessons fly by because they are very interesting. I look forward to each lesson\n\n<!-- wp:Array \/-->\n\nStudent\n\nThe best ever!!!<br>\nI\u2019m sure that this course it has been the best one!\n\n<!-- wp:Array \/-->\n\nStudent in the Polish professional school\n\nI am pleased with Aurelia&#8217;s lessons. She prepares very well the materials to work on and tries to make sure that you learn something new in every lesson. She&#8217;s a great professional.\n\n<!-- wp:Array \/-->\n\nMaster&#8217;s student\n\nI want to thank my private English teacher for the positive impact she has had on my professional life. Thanks to her teaching, I achieved great progress at work, as I not only improved my English level but also gained key tools to communicate with confidence and fluency.\n\n<!-- wp:Array \/-->\n\nSenior Packing Developer\n\nLessons are enjoyable, very well prepared and very close. She gives you a personalised class making sure you learn something new. I&#8217;m happy with her lessons, she is a great professional.\n\n<!-- wp:Array \/-->\n\nStudent\n\nStudy English online at your own pace, with no need to travel and timetables that fit around your daily routine.\n\nQualified and approachable teachers with proven results. Over 300 students have already placed their trust in us.\n\nWe help you prepare for and obtain your official qualification with exam-focused lessons and practice exercises.\n\nCourses designed for learners aged 16 and over, with a practical, real-life approach for personal or professional life.\n\n<h3 class=\"wp-block-heading\"><b>B2 Cambridge Success: Master Reading &amp; Use of English<\/b><\/h3>\n\nLearn English online and improve your B2 level with a Reading &#038; Use of English course focused on the Cambridge exam.\n\n<h0>36.75\u20ac<\/h0>\n\n<div class=\"wp-block-buttons is-layout-flex wp-block-buttons-is-layout-flex\"><div class=\"wp-block-button\"><a class=\"wp-block-button__link\">I Want This Course<\/a><\/div><\/div>\n\n<!-- wp:Array \/-->\n\n<h3 class=\"wp-block-heading\"><b>B2 Cambridge Success: Master Listening<\/b><\/h3>\n\nMejora tu comprensi\u00f3n auditiva en ingl\u00e9s con un curso online de Listening enfocado al examen Cambridge B2 First.\n\n<h0>15\u20ac<\/h0>\n\n(IVA inclu\u00eddo)\n\n<div class=\"wp-block-buttons is-layout-flex wp-block-buttons-is-layout-flex\"><div class=\"wp-block-button\"><a class=\"wp-block-button__link\">Learn Now<\/a><\/div><\/div>\n\n<!-- wp:Array \/-->\n\n<h3 class=\"wp-block-heading\"><b>B2 Cambridge Success: Master Reading &amp; Use of English<\/b><\/h3>\n\nLearn English online and improve your B2 level with a Reading &#038; Use of English course focused on the Cambridge exam.\n\n<h0>49\u20ac<\/h0>\n\n(IVA inclu\u00eddo)\n\n<div class=\"wp-block-buttons is-layout-flex wp-block-buttons-is-layout-flex\"><div class=\"wp-block-button\"><a class=\"wp-block-button__link\">Quiero este curso<\/a><\/div><\/div>\n\n<h3 class=\"wp-block-heading\"><b>C2 Cambridge Success: Master Speaking<\/b><\/h3>\n\nHabla con confianza a nivel C2 \u2014 practica en sesiones 1:1 con nuestro tutor de Speaking con IA y recibe feedback personalizado tras cada sesi\u00f3n.\n\n<h0>59.25\u20ac<\/h0>\n\n<div class=\"wp-block-buttons is-layout-flex wp-block-buttons-is-layout-flex\"><div class=\"wp-block-button\"><a class=\"wp-block-button__link\">Learn Now<\/a><\/div><\/div>\n\n<!-- wp:Array \/-->\n\n<h3 class=\"wp-block-heading\"><b>Examen Speaking de prueba<\/b><\/h3>\n\nPrueba real de examen de Cambridge o Pearson con feedback inmediato. Desde A2 hasta C2.\n\n<div class=\"wp-block-buttons is-layout-flex wp-block-buttons-is-layout-flex\"><div class=\"wp-block-button\"><a class=\"wp-block-button__link\">Quiero hacer la prueba<\/a><\/div><\/div>\n\n<h3 class=\"wp-block-heading\"><b>Ingl\u00e9s pr\u00e1ctico para el d\u00eda a d\u00eda<\/b><\/h3>\n\nGana confianza para hablar ingl\u00e9s en situaciones reales: viajes, conversaciones, vida cotidiana.\n\n<h0>29.25\u20ac<\/h0>\n\n<h0>15\u20ac<\/h0>\n\n(IVA inclu\u00eddo)\n\n<h0>15\u20ac<\/h0>\n\n(IVA inclu\u00eddo)\n\n<h0>20\u20ac<\/h0>\n\n(VAT included)\n\nNEW","protected":false},"excerpt":{"rendered":"<p>Online English academy specialising in official exams and conversation classes. Learn English online with 100% virtual classes, personalised and tailored to your level: B1, B2 or C1. Study at your own pace from home with qualified teachers and prepare for official certificates such as the FCE (First Certificate), Aptis or TOEFL. Why is Ready4Cambridge the [&hellip;]<\/p>","protected":false},"author":1,"featured_media":0,"parent":0,"menu_order":0,"comment_status":"closed","ping_status":"closed","template":"","meta":{"_seopress_robots_primary_cat":"","_seopress_titles_title":"100% Online English Academy | Ready4Cambridge","_seopress_titles_desc":"100% online English academy: Cambridge B1\u2013C1 courses, Business English and practical conversation with qualified teachers.","_seopress_robots_index":"","_surecart_dashboard_logo_width":"180px","_surecart_dashboard_show_logo":true,"_surecart_dashboard_navigation_orders":true,"_surecart_dashboard_navigation_invoices":true,"_surecart_dashboard_navigation_subscriptions":true,"_surecart_dashboard_navigation_downloads":true,"_surecart_dashboard_navigation_billing":true,"_surecart_dashboard_navigation_account":true,"_uag_custom_page_level_css":"","footnotes":""},"class_list":["post-30518","page","type-page","status-publish","hentry"],"uagb_featured_image_src":{"full":false,"thumbnail":false,"medium":false,"medium_large":false,"large":false,"1536x1536":false,"2048x2048":false,"trp-custom-language-flag":false},"uagb_author_info":{"display_name":"readycam","author_link":"https:\/\/ready4cambridge.com\/es\/author\/dd31dd283a8387af\/"},"uagb_comment_info":0,"uagb_excerpt":"Online English academy specialising in official exams and conversation classes. Learn English online with 100% virtual classes, personalised and tailored to your level: B1, B2 or C1. Study at your own pace from home with qualified teachers and prepare for official certificates such as the FCE (First Certificate), Aptis or TOEFL. Why is Ready4Cambridge the&hellip;","_links":{"self":[{"href":"https:\/\/ready4cambridge.com\/es\/wp-json\/wp\/v2\/pages\/30518","targetHints":{"allow":["GET"]}}],"collection":[{"href":"https:\/\/ready4cambridge.com\/es\/wp-json\/wp\/v2\/pages"}],"about":[{"href":"https:\/\/ready4cambridge.com\/es\/wp-json\/wp\/v2\/types\/page"}],"author":[{"embeddable":true,"href":"https:\/\/ready4cambridge.com\/es\/wp-json\/wp\/v2\/users\/1"}],"replies":[{"embeddable":true,"href":"https:\/\/ready4cambridge.com\/es\/wp-json\/wp\/v2\/comments?post=30518"}],"version-history":[{"count":100,"href":"https:\/\/ready4cambridge.com\/es\/wp-json\/wp\/v2\/pages\/30518\/revisions"}],"predecessor-version":[{"id":39878,"href":"https:\/\/ready4cambridge.com\/es\/wp-json\/wp\/v2\/pages\/30518\/revisions\/39878"}],"wp:attachment":[{"href":"https:\/\/ready4cambridge.com\/es\/wp-json\/wp\/v2\/media?parent=30518"}],"curies":[{"name":"wp","href":"https:\/\/api.w.org\/{rel}","templated":true}]}}